{"id":10,"date":"2015-12-28T09:21:01","date_gmt":"2015-12-28T09:21:01","guid":{"rendered":"http:\/\/www.skaitel.lt\/?page_id=10"},"modified":"2021-09-02T11:44:33","modified_gmt":"2021-09-02T11:44:33","slug":"apie-mus","status":"publish","type":"page","link":"https:\/\/www.skaitel.lt\/lt\/apie-mus\/","title":{"rendered":"Apie mus"},"content":{"rendered":"<p><span style=\"color: #1c447d;\">UAB \u201eSkaitel\u201c \u2013 tai nuo 2007 m. veikianti atestuota \u012fmon\u0117 vykdanti statybos, lauko vandentiekio, buitini\u0173 nuotek\u0173, lietaus nuvedimo sistem\u0173, elektros tinkl\u0173, apsaugos sistem\u0173, telekomunikacini\u0173 tinkl\u0173, automatikos sistem\u0173 \u012frengimo darbus. \u012emon\u0117je dirba didel\u0119 patirt\u012f ir kvalifikacij\u0105 \u0161iose srityse turin\u010di\u0173 vadov\u0173 ir montuotoj\u0173 komanda, tod\u0117l galime vykdyti u\u017esakymus nuo projektavimo iki darb\u0173 u\u017ebaigimo ir pridavimo. Teikiame kompleksines paslaugas stambiems gamintojams, telekomunikacij\u0173 tiek\u0117jams, taip pat atskiras paslaugas ma\u017eoms bei vidutin\u0117ms \u012fmon\u0117ms.<\/span><\/p>\n<p><span style=\"color: #1c447d;\">UAB \u201eSkaitel\u201c turi pakankam\u0105 technini\u0173 priemoni\u0173 baz\u0119 vykdyti \u017eem\u0117s kasimo,\u00a0 betran\u0161\u0117jinio vamzd\u017ei\u0173 klojimo, vamzd\u017ei\u0173 ir kabeli\u0173 klojimo lauke ir pastatuose, \u0161ulini\u0173 montavimo, o taip pat \u0161viesolaidini\u0173 kabeli\u0173 suvirinimo, matavimo darbus. \u012emon\u0117 vykdo lauko ir vidaus darbus. Turime pakankam\u0105 kiek\u012f sunkiojo ir lengvojo transporto bei kitos \u012frangos vykdyti darbus dideliuose ar ma\u017eesniuose objektuose.<\/span><\/p>\n<p><span style=\"color: #1c447d;\">UAB \u201eSkaitel\u201c yra Lietuvos statybinink\u0173 asociacijos narys.<\/span><\/p>\n<p><a href=\"http:\/\/www.statybininkai.lt\" target=\"_blank\" rel=\"noopener\"><img loading=\"lazy\" decoding=\"async\" class=\"alignnone wp-image-165 size-full\" src=\"http:\/\/www.skaitel.lt\/wp-content\/uploads\/2015\/12\/LSA_mazas.png\" alt=\"LSA\" width=\"129\" height=\"130\" \/><\/a><\/p>\n<p><span style=\"color: #1c447d;\"><br \/><\/span><\/p>\n<p><span style=\"color: #1c447d;\">UAB ,,Skaitel&#8221; yra Vokietijos ir Baltijos \u0161ali\u0173 prekybos r\u016bm\u0173 Estijoje, Latvijoje, Lietuvoje (AHK) narys. AHK priklauso pasauliniam vokie\u010di\u0173 u\u017esienio prekybos r\u016bm\u0173 tinklui bei vienija daugiau nei 450 nari\u0173 trijose Baltijos valstyb\u0117se. AHK biurai yra \u012fsik\u016br\u0119 Vilniuje, Rygoje ir Taline.<\/span><\/p>\n<p><a href=\"https:\/\/www.ahk-balt.org\/lt\/\" target=\"_blank\" rel=\"noopener\"><img decoding=\"async\" class=\"alignnone wp-image-165 size-full\" src=\"http:\/\/www.skaitel.lt\/wp-content\/uploads\/2019\/02\/AHK_LT_RGB.jpg\" alt=\"AHK\" width=\"50%\" height=\"50%\"\/><\/a><\/p>\n<p><\/p>","protected":false},"excerpt":{"rendered":"<p>UAB \u201eSkaitel\u201c \u2013 tai nuo 2007 m. veikianti atestuota \u012fmon\u0117 vykdanti statybos, lauko vandentiekio, buitini\u0173 nuotek\u0173, lietaus nuvedimo sistem\u0173, elektros tinkl\u0173, apsaugos sistem\u0173, telekomunikacini\u0173 tinkl\u0173, automatikos sistem\u0173 \u012frengimo darbus. \u012emon\u0117je dirba didel\u0119 patirt\u012f ir kvalifikacij\u0105 \u0161iose srityse turin\u010di\u0173 vadov\u0173 ir montuotoj\u0173 komanda, tod\u0117l galime vykdyti u\u017esakymus nuo projektavimo iki darb\u0173 u\u017ebaigimo ir pridavimo. Teikiame kompleksines [&hellip;]<\/p>\n","protected":false},"author":1,"featured_media":0,"parent":0,"menu_order":0,"comment_status":"closed","ping_status":"closed","template":"","meta":{"footnotes":""},"_links":{"self":[{"href":"https:\/\/www.skaitel.lt\/lt\/wp-json\/wp\/v2\/pages\/10"}],"collection":[{"href":"https:\/\/www.skaitel.lt\/lt\/wp-json\/wp\/v2\/pages"}],"about":[{"href":"https:\/\/www.skaitel.lt\/lt\/wp-json\/wp\/v2\/types\/page"}],"author":[{"embeddable":true,"href":"https:\/\/www.skaitel.lt\/lt\/wp-json\/wp\/v2\/users\/1"}],"replies":[{"embeddable":true,"href":"https:\/\/www.skaitel.lt\/lt\/wp-json\/wp\/v2\/comments?post=10"}],"version-history":[{"count":25,"href":"https:\/\/www.skaitel.lt\/lt\/wp-json\/wp\/v2\/pages\/10\/revisions"}],"predecessor-version":[{"id":249,"href":"https:\/\/www.skaitel.lt\/lt\/wp-json\/wp\/v2\/pages\/10\/revisions\/249"}],"wp:attachment":[{"href":"https:\/\/www.skaitel.lt\/lt\/wp-json\/wp\/v2\/media?parent=10"}],"curies":[{"name":"wp","href":"https:\/\/api.w.org\/{rel}","templated":true}]}}