{"id":6,"date":"2015-12-28T09:20:23","date_gmt":"2015-12-28T09:20:23","guid":{"rendered":"http:\/\/www.skaitel.lt\/?page_id=6"},"modified":"2024-05-16T07:14:31","modified_gmt":"2024-05-16T07:14:31","slug":"paslaugos","status":"publish","type":"page","link":"https:\/\/www.skaitel.lt\/de\/paslaugos\/","title":{"rendered":"Dienstleistungen"},"content":{"rendered":"<p><\/p>\n<ul>\n<li><span style=\"color: #1c447d;\"><strong>Ingenieur-Systeme zur Beseitigung der Wasserleitung und des Abwassers<\/strong>\u00a0\u2013 wir f\u00fchren \u00e4u\u00dferliche und innerliche Ingenieur-Systeme der Wasserleitung und des Abwassers aus.<\/span><\/li>\n<\/ul>\n<ul>\n<li><span style=\"color: #1c447d;\"><strong>Tiefbau<\/strong> \u2013 graben mit Baggermaschinen oder mit grabenlose Technologien (unter den Stra\u00dfen, B\u00e4ume, Fl\u00fcsse, Bahnlinien , etc.)\u00a0f\u00fcr Verlegung der Elektrizit\u00e4ts- und Verbindungskabel, Wasserleitung und Kanalisationsr\u00f6hren<\/span><\/li>\n<\/ul>\n<ul>\n<li><span style=\"color: #1c447d;\"><strong>Stromnetze bis 35 kV<\/strong> \u2013 Projektierung der \u00e4u\u00dferlichen und inneren Stromnetzen, Montierung, Widerstandsmessungen, Automatisierung der technologischen Prozesse, Blitzschutz, Ersparnis und Kompensierung der elektrischen Energie, Aufsicht der elektrischen Ger\u00e4te.<\/span><\/li>\n<\/ul>\n<ul>\n<li><span style=\"color: #1c447d;\"><strong>Automatik<\/strong>&#8211; Projektierung und Installation, automatisiertes Steuersystem der Geb\u00e4uden (PVS), Antriebsregulierung, Messung und Kontrolle der  Fl\u00fcssigkeiten und des Gases, des Drucks und des Pegels, Temperaturmessung und Temperaturkontrolle.<\/span><\/li>\n<\/ul>\n<ul>\n<li><span style=\"color: #1c447d;\"><strong>Schutzsysteme<\/strong>\u00a0\u2013 wir projektieren, montieren und bedienen Systeme des Raum- und Gebietsschutzes, des Feueralarms, der Video\u00fcberwachung, der Zugriffskontrolle.<\/span><\/li>\n<\/ul>\n<ul>\n<li><span style=\"color: #1c447d;\"><strong>Das Lichtleiterkabel-Netzwerk<\/strong>\u00a0\u2013 Projektierung, Einrichtung und Bedienung des Lichtleiterkabel-Netzwerkes, Schwei\u00dfarbeiten der Fasern, Montierung der Muffen und Schaltungsbl\u00f6cke, Messungen, Konsultierung.<\/span><\/li>\n<\/ul>\n<ul>\n<li><span style=\"color: #1c447d;\"><strong>Komplexe L\u00f6sungen f\u00fcr Telekomunikation- und Informationsnetze<\/strong> \u2013 Projektierung, Einrichtung und Bedienung der Datenvermittlungsnetze in Business-Zentren, Fabriken.<\/span><\/li>\n<\/ul>\n<p><\/p>","protected":false},"excerpt":{"rendered":"<p>Ingenieur-Systeme zur Beseitigung der Wasserleitung und des Abwassers\u00a0\u2013 wir f\u00fchren \u00e4u\u00dferliche und innerliche Ingenieur-Systeme der Wasserleitung und des Abwassers aus. Tiefbau \u2013 graben mit Baggermaschinen oder mit grabenlose Technologien (unter den Stra\u00dfen, B\u00e4ume, Fl\u00fcsse, Bahnlinien , etc.)\u00a0f\u00fcr Verlegung der Elektrizit\u00e4ts- und Verbindungskabel, Wasserleitung und Kanalisationsr\u00f6hren Stromnetze bis 35 kV \u2013 Projektierung der \u00e4u\u00dferlichen und inneren [&hellip;]<\/p>\n","protected":false},"author":1,"featured_media":0,"parent":0,"menu_order":0,"comment_status":"closed","ping_status":"closed","template":"","meta":{"footnotes":""},"_links":{"self":[{"href":"https:\/\/www.skaitel.lt\/de\/wp-json\/wp\/v2\/pages\/6"}],"collection":[{"href":"https:\/\/www.skaitel.lt\/de\/wp-json\/wp\/v2\/pages"}],"about":[{"href":"https:\/\/www.skaitel.lt\/de\/wp-json\/wp\/v2\/types\/page"}],"author":[{"embeddable":true,"href":"https:\/\/www.skaitel.lt\/de\/wp-json\/wp\/v2\/users\/1"}],"replies":[{"embeddable":true,"href":"https:\/\/www.skaitel.lt\/de\/wp-json\/wp\/v2\/comments?post=6"}],"version-history":[{"count":21,"href":"https:\/\/www.skaitel.lt\/de\/wp-json\/wp\/v2\/pages\/6\/revisions"}],"predecessor-version":[{"id":254,"href":"https:\/\/www.skaitel.lt\/de\/wp-json\/wp\/v2\/pages\/6\/revisions\/254"}],"wp:attachment":[{"href":"https:\/\/www.skaitel.lt\/de\/wp-json\/wp\/v2\/media?parent=6"}],"curies":[{"name":"wp","href":"https:\/\/api.w.org\/{rel}","templated":true}]}}