{"id":108,"date":"2016-01-07T14:17:35","date_gmt":"2016-01-07T14:17:35","guid":{"rendered":"http:\/\/www.skaitel.lt\/?page_id=108"},"modified":"2024-05-16T07:12:56","modified_gmt":"2024-05-16T07:12:56","slug":"atlikti-darbai","status":"publish","type":"page","link":"https:\/\/www.skaitel.lt\/de\/atlikti-darbai\/","title":{"rendered":"Unsere Arbeiten"},"content":{"rendered":"<p><span style=\"color: #1c447d;\">Die letzten erledigten Arbeiten von GAG \u201eSkaitel\u201c:<\/span><\/p>\n<ul>\n<li><span style=\"color: #1c447d;\"><span style=\"color: #1c447d;\">In Jahren 2014-2015 haben wir 125 Km von Lichtleiterkabellinien nach Bestellung von \u00d6ffentlicher Einrichtung \u201ePlaciajuostis internetas\u201c anhand des Projekts \u201eEntwicklung der Informationstechnologien mit breitbandigem Netz RAIN in den l\u00e4ndlichen Gebieten\u201c projektiert und eingerichtet.<\/span><\/span><\/li>\n<\/ul>\n<ul>\n<li><span style=\"color: #1c447d;\"><span style=\"color: #1c447d;\">\u201eRail Baltica\u201c: Staatsgrenze mit Polen \u2013 Mockava, Marijampole \u2013 Kaunas. Wir haben Verlegungs- und Montierungsarbeiten der Bahn-Signalisierungskabel f\u00fcr Infrastrukturverbingung durchgef\u00fchrt.<\/span><\/span><\/li>\n<\/ul>\n<ul>\n<li><span style=\"color: #1c447d;\"><span style=\"color: #1c447d;\">St\u00e4ndig \u00fcben wir die Einrichtungsarbeiten von elektrischen Netzen bis 35 kV f\u00fcr AG \u201eEnergijos skirstymo operatorius\u201c (fr\u00fcher AG LESTO genannt) aus.<\/span><\/span><\/li>\n<\/ul>\n<ul>\n<li><span style=\"color: #1c447d;\">Einrichtungsarbeiten der Lichtleiternetze (FTTH, FTTx, GPON) f\u00fcr TEO LT, AG (f\u00fchrende Telekommunikationsunternehmen in Litauen)<\/span><\/li>\n<\/ul>\n<ul>\n<li><span style=\"color: #1c447d;\">Einrichtung der Mittel zur Verringerung von Abgaspartikeln f\u00fcr Warmwasserkessel GAG \u201eVilniaus energija\u201c in Thermo-Kraftwerk Nr. 2<\/span><\/li>\n<\/ul>\n<ul>\n<li><span style=\"color: #1c447d;\">Rekonstruktion des &#8222;Silkas&#8220; Heizraumes in Kaunas, wechselnd den gebrauchten Treibstoff in Biokraftstoffe. Es wurden alle elektrotechnischen und automatischen Arbeiten durchgef\u00fchrt.<\/span><\/li>\n<\/ul>\n<ul>\n<li><span style=\"color: #1c447d;\">Einrichtung der Warnanlage gegen Feuer und Einbruch sowie Video\u00fcberwachungssysteme im Heizraum in Noreikiskes, im Bezirk Kaunas.<\/span><\/li>\n<\/ul>\n<ul>\n<li><span style=\"color: #1c447d;\">Tiefbauarbeiten, Glasfaser-Montagen und Kupfer-Montagen in Deutschland<\/span><\/li>\n<\/ul>\n<p><\/p>","protected":false},"excerpt":{"rendered":"<p>Die letzten erledigten Arbeiten von GAG \u201eSkaitel\u201c: In Jahren 2014-2015 haben wir 125 Km von Lichtleiterkabellinien nach Bestellung von \u00d6ffentlicher Einrichtung \u201ePlaciajuostis internetas\u201c anhand des Projekts \u201eEntwicklung der Informationstechnologien mit breitbandigem Netz RAIN in den l\u00e4ndlichen Gebieten\u201c projektiert und eingerichtet. \u201eRail Baltica\u201c: Staatsgrenze mit Polen \u2013 Mockava, Marijampole \u2013 Kaunas. Wir haben Verlegungs- und Montierungsarbeiten [&hellip;]<\/p>\n","protected":false},"author":1,"featured_media":0,"parent":0,"menu_order":0,"comment_status":"closed","ping_status":"closed","template":"","meta":{"footnotes":""},"_links":{"self":[{"href":"https:\/\/www.skaitel.lt\/de\/wp-json\/wp\/v2\/pages\/108"}],"collection":[{"href":"https:\/\/www.skaitel.lt\/de\/wp-json\/wp\/v2\/pages"}],"about":[{"href":"https:\/\/www.skaitel.lt\/de\/wp-json\/wp\/v2\/types\/page"}],"author":[{"embeddable":true,"href":"https:\/\/www.skaitel.lt\/de\/wp-json\/wp\/v2\/users\/1"}],"replies":[{"embeddable":true,"href":"https:\/\/www.skaitel.lt\/de\/wp-json\/wp\/v2\/comments?post=108"}],"version-history":[{"count":15,"href":"https:\/\/www.skaitel.lt\/de\/wp-json\/wp\/v2\/pages\/108\/revisions"}],"predecessor-version":[{"id":253,"href":"https:\/\/www.skaitel.lt\/de\/wp-json\/wp\/v2\/pages\/108\/revisions\/253"}],"wp:attachment":[{"href":"https:\/\/www.skaitel.lt\/de\/wp-json\/wp\/v2\/media?parent=108"}],"curies":[{"name":"wp","href":"https:\/\/api.w.org\/{rel}","templated":true}]}}