{"id":10,"date":"2015-12-28T09:21:01","date_gmt":"2015-12-28T09:21:01","guid":{"rendered":"http:\/\/www.skaitel.lt\/?page_id=10"},"modified":"2021-09-02T11:44:33","modified_gmt":"2021-09-02T11:44:33","slug":"apie-mus","status":"publish","type":"page","link":"https:\/\/www.skaitel.lt\/de\/apie-mus\/","title":{"rendered":"\u00dcber uns"},"content":{"rendered":"<p><span style=\"color: #1c447d;\">Fa. Skaitel \u2013 zertifizierte Unternehmen, das ab dem Jahr 2007 seine T\u00e4tigkeit in Bereichen des Bauarbeiten, externe Wasserversorgung, h\u00e4usliches Abwasser, Regenwasserableitungssysteme, Schwachstroms, der Elektrizit\u00e4t, der Einrichtung von Automatik aus\u00fcbt. Im Unternehmen arbeitet das qualifizierte Team von Leitern und Montagetechnikern mit gro\u00dfer Erfahrung in diesen Bereichen. Aus diesem Grund k\u00f6nnen wir die Bestellungen von Projektierungen bis Abschluss und Verwirklichung der Arbeiten anfertigen. Wir bieten sowohl komplexe Dienstleistungen den gro\u00dfen Herstellern, Telekommunikationslieferanten, als auch einzelne Dienstleistungen den kleineren und mittleren Gesch\u00e4ften an.<\/span><\/p>\n<p><span style=\"color: #1c447d;\">Fa. Skaitel hat eine ausreichende Basis der technischen Mittel zur Grabung, R\u00f6hrenverlegung ohne Graben, \u00e4u\u00dferlichen und inneren Rohre und Kabel verlegung, sowie Verschwei\u00dfung der Lichtleiterkabel, Montagearbeiten. Unser Unternehmen f\u00fchrt \u00e4u\u00dferliche und innere Arbeiten aus. Wir haben eine gro\u00dfe Anzahl von schweren und leichten Transport und verschiedene Ger\u00e4te f\u00fcr Arbeiten in gr\u00f6\u00dferen oder kleineren Baustellen.<\/span><\/p>\n<p><span style=\"color: #1c447d;\">Fa. Skaitel geh\u00f6rt zur Vereinigung der Bauarbeiter Litauens.<\/span><\/p>\n<p><a href=\"http:\/\/www.statybininkai.lt\" target=\"_blank\" rel=\"noopener\"><img loading=\"lazy\" decoding=\"async\" class=\"alignnone wp-image-165 size-full\" src=\"http:\/\/www.skaitel.lt\/wp-content\/uploads\/2015\/12\/LSA_mazas.png\" alt=\"LSA\" width=\"129\" height=\"130\" \/><\/a><\/p>\n<p><span style=\"color: #1c447d;\"><br \/><\/span><\/p>\n<p><span style=\"color: #1c447d;\">Fa. Skaitel ist Mitglied der Deutsch-Baltischen Handelskammer in Estland, Lettland und Litauen (AHK). Die AHK ist Teil des weltweiten Netzwerks der deutschen Auslandshandelskammern und vereint mehr als 450 Mitglieder in den drei baltischen Staaten. AHK hat Niederlassungen in Vilnius, Riga und Tallinn.<\/span><\/p>\n<p><a href=\"https:\/\/www.ahk-balt.org\/\" target=\"_blank\" rel=\"noopener\"><img decoding=\"async\" class=\"alignnone wp-image-165 size-full\" src=\"http:\/\/www.skaitel.lt\/wp-content\/uploads\/2019\/02\/AHK_DE_RGB.jpg\" alt=\"AHK\" width=\"50%\" height=\"50%\"\/><\/a><br \/>\n<\/p>","protected":false},"excerpt":{"rendered":"<p>Fa. Skaitel \u2013 zertifizierte Unternehmen, das ab dem Jahr 2007 seine T\u00e4tigkeit in Bereichen des Bauarbeiten, externe Wasserversorgung, h\u00e4usliches Abwasser, Regenwasserableitungssysteme, Schwachstroms, der Elektrizit\u00e4t, der Einrichtung von Automatik aus\u00fcbt. Im Unternehmen arbeitet das qualifizierte Team von Leitern und Montagetechnikern mit gro\u00dfer Erfahrung in diesen Bereichen. Aus diesem Grund k\u00f6nnen wir die Bestellungen von Projektierungen bis [&hellip;]<\/p>\n","protected":false},"author":1,"featured_media":0,"parent":0,"menu_order":0,"comment_status":"closed","ping_status":"closed","template":"","meta":{"footnotes":""},"_links":{"self":[{"href":"https:\/\/www.skaitel.lt\/de\/wp-json\/wp\/v2\/pages\/10"}],"collection":[{"href":"https:\/\/www.skaitel.lt\/de\/wp-json\/wp\/v2\/pages"}],"about":[{"href":"https:\/\/www.skaitel.lt\/de\/wp-json\/wp\/v2\/types\/page"}],"author":[{"embeddable":true,"href":"https:\/\/www.skaitel.lt\/de\/wp-json\/wp\/v2\/users\/1"}],"replies":[{"embeddable":true,"href":"https:\/\/www.skaitel.lt\/de\/wp-json\/wp\/v2\/comments?post=10"}],"version-history":[{"count":25,"href":"https:\/\/www.skaitel.lt\/de\/wp-json\/wp\/v2\/pages\/10\/revisions"}],"predecessor-version":[{"id":249,"href":"https:\/\/www.skaitel.lt\/de\/wp-json\/wp\/v2\/pages\/10\/revisions\/249"}],"wp:attachment":[{"href":"https:\/\/www.skaitel.lt\/de\/wp-json\/wp\/v2\/media?parent=10"}],"curies":[{"name":"wp","href":"https:\/\/api.w.org\/{rel}","templated":true}]}}